{"id":4355,"date":"2025-04-01T22:52:06","date_gmt":"2025-04-01T22:52:06","guid":{"rendered":"https:\/\/projetocaminhosdaluz.com.br\/?page_id=4355"},"modified":"2025-04-08T21:39:56","modified_gmt":"2025-04-08T21:39:56","slug":"acessibilidade","status":"publish","type":"page","link":"https:\/\/substancialsocial.com\/caminhosdaluz-test\/acessibilidade\/","title":{"rendered":"Acessibilidade"},"content":{"rendered":"\t\t<div data-elementor-type=\"wp-page\" data-elementor-id=\"4355\" class=\"elementor elementor-4355\">\n\t\t\t\t<div class=\"elementor-element elementor-element-caefbd9 e-flex e-con-boxed e-con e-parent\" data-id=\"caefbd9\" data-element_type=\"container\" data-e-type=\"container\" data-settings=\"{&quot;background_background&quot;:&quot;gradient&quot;}\">\n\t\t\t\t\t<div class=\"e-con-inner\">\n\t\t<div class=\"elementor-element elementor-element-47b8fd8 e-con-full e-flex e-con e-child\" data-id=\"47b8fd8\" data-element_type=\"container\" data-e-type=\"container\">\n\t\t\t\t<div class=\"elementor-element elementor-element-421b8b9 elementor-widget elementor-widget-heading\" data-id=\"421b8b9\" data-element_type=\"widget\" data-e-type=\"widget\" data-widget_type=\"heading.default\">\n\t\t\t\t<div class=\"elementor-widget-container\">\n\t\t\t\t\t<h1 class=\"elementor-heading-title elementor-size-default\">Acessibilidade<\/h1>\t\t\t\t<\/div>\n\t\t\t\t<\/div>\n\t\t\t\t<div class=\"elementor-element elementor-element-18b0823 elementor-widget elementor-widget-text-editor\" data-id=\"18b0823\" data-element_type=\"widget\" data-e-type=\"widget\" data-widget_type=\"text-editor.default\">\n\t\t\t\t<div class=\"elementor-widget-container\">\n\t\t\t\t\t\t\t\t\t<p>Nosso intuito \u00e9 criar um espa\u00e7o acess\u00edvel, acolhedor, livre de preconceitos e capacitismos, onde todos tenham a oportunidade de explorar, aprender e se expressar.<\/p>\t\t\t\t\t\t\t\t<\/div>\n\t\t\t\t<\/div>\n\t\t\t\t<\/div>\n\t\t\t\t\t<\/div>\n\t\t\t\t<\/div>\n\t\t<div class=\"elementor-element elementor-element-62604ab e-flex e-con-boxed e-con e-parent\" data-id=\"62604ab\" data-element_type=\"container\" data-e-type=\"container\" data-settings=\"{&quot;background_background&quot;:&quot;classic&quot;}\">\n\t\t\t\t\t<div class=\"e-con-inner\">\n\t\t<div class=\"elementor-element elementor-element-cd563de e-con-full e-flex e-con e-child\" data-id=\"cd563de\" data-element_type=\"container\" data-e-type=\"container\">\n\t\t\t\t<div class=\"elementor-element elementor-element-5a20b5a elementor-widget elementor-widget-heading\" data-id=\"5a20b5a\" data-element_type=\"widget\" data-e-type=\"widget\" data-widget_type=\"heading.default\">\n\t\t\t\t<div class=\"elementor-widget-container\">\n\t\t\t\t\t<h2 class=\"elementor-heading-title elementor-size-default\">Declara\u00e7\u00e3o de Acessibilidade<\/h2>\t\t\t\t<\/div>\n\t\t\t\t<\/div>\n\t\t\t\t<div class=\"elementor-element elementor-element-9e8d410 elementor-widget-divider--separator-type-pattern elementor-widget-divider--view-line elementor-widget elementor-widget-divider\" data-id=\"9e8d410\" data-element_type=\"widget\" data-e-type=\"widget\" data-widget_type=\"divider.default\">\n\t\t\t\t<div class=\"elementor-widget-container\">\n\t\t\t\t\t\t\t<div class=\"elementor-divider\" style=\"--divider-pattern-url: url(&quot;data:image\/svg+xml,%3Csvg xmlns=&#039;http:\/\/www.w3.org\/2000\/svg&#039; preserveAspectRatio=&#039;none&#039; overflow=&#039;visible&#039; height=&#039;100%&#039; viewBox=&#039;0 0 24 24&#039; fill=&#039;black&#039; stroke=&#039;none&#039;%3E%3Cpolygon points=&#039;9.4,2 24,2 14.6,21.6 0,21.6&#039;\/%3E%3C\/svg%3E&quot;);\">\n\t\t\t<span class=\"elementor-divider-separator\">\n\t\t\t\t\t\t<\/span>\n\t\t<\/div>\n\t\t\t\t\t\t<\/div>\n\t\t\t\t<\/div>\n\t\t\t\t<div class=\"elementor-element elementor-element-cde1fc1 elementor-widget elementor-widget-text-editor\" data-id=\"cde1fc1\" data-element_type=\"widget\" data-e-type=\"widget\" data-widget_type=\"text-editor.default\">\n\t\t\t\t<div class=\"elementor-widget-container\">\n\t\t\t\t\t\t\t\t\t<p style=\"text-align: left;\">O projeto Caminhos da Luz tem o compromisso de promover a acessibilidade, seguindo as leis n\u00b010.098\/2000 (Lei de acessibilidade) e n\u00b013.146\/2015 (Lei Brasileira de Inclus\u00e3o da Pessoa com Defici\u00eancia) e as Diretrizes de Acessibilidade de Conte\u00fado da Web 2.1 do World Wide Web Consortium (W3C) (WCAG 2.1). Para isso, todos os espa\u00e7os do projeto, tanto f\u00edsicos quanto digitais, ser\u00e3o adaptados para garantir a participa\u00e7\u00e3o de todas as pessoas.<\/p><p style=\"text-align: left;\"><strong>Ambiente digital<\/strong>:<\/p><ul><li style=\"text-align: left;\">O curso online e o site do projeto foram desenvolvidos com recurso de acessibilidade digital e tecnologia assistiva, compat\u00edveis com leitores de tela, navega\u00e7\u00e3o por teclado e outras ferramentas de apoio;<br \/><br \/><\/li><li style=\"text-align: left;\">Os materiais de divulga\u00e7\u00e3o e exibi\u00e7\u00e3o, como v\u00eddeos e apresenta\u00e7\u00f5es, ter\u00e3o legendas, janela de Libras, audiodescri\u00e7\u00e3o e texto alternativo para imagens;<br \/><br \/><\/li><li style=\"text-align: left;\">O site inclui o Plug-in VLibras, indicadores visuais e outros recursos, seguindo as diretrizes do Plano de Acessibilidade.<\/li><\/ul>\t\t\t\t\t\t\t\t<\/div>\n\t\t\t\t<\/div>\n\t\t\t\t<\/div>\n\t\t\t\t\t<\/div>\n\t\t\t\t<\/div>\n\t\t\t\t<section class=\"elementor-section elementor-top-section elementor-element elementor-element-80v8ekk elementor-section-content-middle elementor-reverse-mobile elementor-section-boxed elementor-section-height-default elementor-section-height-default\" data-id=\"80v8ekk\" data-element_type=\"section\" data-e-type=\"section\" data-settings=\"{&quot;background_background&quot;:&quot;classic&quot;}\">\n\t\t\t\t\t\t\t<div class=\"elementor-background-overlay\"><\/div>\n\t\t\t\t\t\t\t<div class=\"elementor-container elementor-column-gap-no\">\n\t\t\t\t\t<div class=\"elementor-column elementor-col-50 elementor-top-column elementor-element elementor-element-b0b74d8\" data-id=\"b0b74d8\" data-element_type=\"column\" data-e-type=\"column\">\n\t\t\t<div class=\"elementor-widget-wrap elementor-element-populated\">\n\t\t\t\t\t\t<div class=\"elementor-element elementor-element-bfed4c6 elementor-widget elementor-widget-heading\" data-id=\"bfed4c6\" data-element_type=\"widget\" data-e-type=\"widget\" data-widget_type=\"heading.default\">\n\t\t\t\t<div class=\"elementor-widget-container\">\n\t\t\t\t\t<h2 class=\"elementor-heading-title elementor-size-default\">Workshops acess\u00edveis<\/h2>\t\t\t\t<\/div>\n\t\t\t\t<\/div>\n\t\t\t\t<div class=\"elementor-element elementor-element-327f367 elementor-widget elementor-widget-text-editor\" data-id=\"327f367\" data-element_type=\"widget\" data-e-type=\"widget\" data-widget_type=\"text-editor.default\">\n\t\t\t\t<div class=\"elementor-widget-container\">\n\t\t\t\t\t\t\t\t\t<p style=\"text-align: left;\">Nas <strong>aulas presenciais \/ workshops<\/strong> garantimos acessibilidade em cada detalhe:<\/p><ul><li style=\"text-align: left;\">Todos os locais das atividades ter\u00e3o rotas acess\u00edveis, permitindo a circula\u00e7\u00e3o segura e aut\u00f4noma de pessoas com defici\u00eancia ou mobilidade reduzida;<br \/><br \/><\/li><li style=\"text-align: left;\">Os espa\u00e7os presenciais ser\u00e3o equipados com rampas, elevadores e banheiros adaptados, seguindo as normas t\u00e9cnicas de acessibilidade;<br \/><br \/><\/li><li style=\"text-align: left;\">Sistemas de ilumina\u00e7\u00e3o e sonoriza\u00e7\u00e3o ser\u00e3o projetados para garantir a clareza e inteligibilidade das informa\u00e7\u00f5es para todas as pessoas;<br \/><br \/><\/li><li style=\"text-align: left;\">Tradutores\/Int\u00e9rpretes de Libras para pessoas surdas e ensurdecidas.<\/li><\/ul>\t\t\t\t\t\t\t\t<\/div>\n\t\t\t\t<\/div>\n\t\t\t\t\t<\/div>\n\t\t<\/div>\n\t\t\t\t<div class=\"elementor-column elementor-col-50 elementor-top-column elementor-element elementor-element-51962fb\" data-id=\"51962fb\" data-element_type=\"column\" data-e-type=\"column\" data-settings=\"{&quot;background_background&quot;:&quot;classic&quot;}\">\n\t\t\t<div class=\"elementor-widget-wrap elementor-element-populated\">\n\t\t\t\t\t\t<div class=\"elementor-element elementor-element-6315460 elementor-widget elementor-widget-image\" data-id=\"6315460\" data-element_type=\"widget\" data-e-type=\"widget\" data-widget_type=\"image.default\">\n\t\t\t\t<div class=\"elementor-widget-container\">\n\t\t\t\t\t\t\t\t\t\t\t\t\t\t\t<img fetchpriority=\"high\" decoding=\"async\" width=\"1536\" height=\"2048\" src=\"https:\/\/substancialsocial.com\/caminhosdaluz-test\/wp-content\/uploads\/2024\/12\/20-05-2023-Oficina-de-Light-Painting-Tendal-da-Lapa_IMG_4744.jpg\" class=\"attachment-full size-full wp-image-2265\" alt=\"Imagens das aulas de fotografia, anima\u00e7\u00e3o e light-painting\" srcset=\"https:\/\/substancialsocial.com\/caminhosdaluz-test\/wp-content\/uploads\/2024\/12\/20-05-2023-Oficina-de-Light-Painting-Tendal-da-Lapa_IMG_4744.jpg 1536w, https:\/\/substancialsocial.com\/caminhosdaluz-test\/wp-content\/uploads\/2024\/12\/20-05-2023-Oficina-de-Light-Painting-Tendal-da-Lapa_IMG_4744-225x300.jpg 225w, https:\/\/substancialsocial.com\/caminhosdaluz-test\/wp-content\/uploads\/2024\/12\/20-05-2023-Oficina-de-Light-Painting-Tendal-da-Lapa_IMG_4744-768x1024.jpg 768w, https:\/\/substancialsocial.com\/caminhosdaluz-test\/wp-content\/uploads\/2024\/12\/20-05-2023-Oficina-de-Light-Painting-Tendal-da-Lapa_IMG_4744-1152x1536.jpg 1152w\" sizes=\"(max-width: 1536px) 100vw, 1536px\" \/>\t\t\t\t\t\t\t\t\t\t\t\t\t\t\t<\/div>\n\t\t\t\t<\/div>\n\t\t\t\t\t<\/div>\n\t\t<\/div>\n\t\t\t\t\t<\/div>\n\t\t<\/section>\n\t\t\t\t<\/div>\n\t\t","protected":false},"excerpt":{"rendered":"<p>Acessibilidade Nosso intuito \u00e9 criar um espa\u00e7o acess\u00edvel, acolhedor, livre de preconceitos e capacitismos, onde todos tenham a oportunidade de explorar, aprender e se expressar. Declara\u00e7\u00e3o de Acessibilidade O projeto Caminhos da Luz tem o compromisso de promover a acessibilidade, seguindo as leis n\u00b010.098\/2000 (Lei de acessibilidade) e n\u00b013.146\/2015 (Lei Brasileira de Inclus\u00e3o da Pessoa [&hellip;]<\/p>\n","protected":false},"author":1,"featured_media":0,"parent":0,"menu_order":0,"comment_status":"closed","ping_status":"closed","template":"elementor_theme","meta":{"_uag_custom_page_level_css":"","site-sidebar-layout":"no-sidebar","site-content-layout":"page-builder","ast-site-content-layout":"full-width-container","site-content-style":"unboxed","site-sidebar-style":"unboxed","ast-global-header-display":"","ast-banner-title-visibility":"","ast-main-header-display":"","ast-hfb-above-header-display":"","ast-hfb-below-header-display":"","ast-hfb-mobile-header-display":"","site-post-title":"disabled","ast-breadcrumbs-content":"disabled","ast-featured-img":"disabled","footer-sml-layout":"","ast-disable-related-posts":"","theme-transparent-header-meta":"enabled","adv-header-id-meta":"","stick-header-meta":"","header-above-stick-meta":"","header-main-stick-meta":"","header-below-stick-meta":"","astra-migrate-meta-layouts":"set","ast-page-background-enabled":"default","ast-page-background-meta":{"desktop":{"background-color":"","background-image":"","background-repeat":"repeat","background-position":"center center","background-size":"auto","background-attachment":"scroll","background-type":"","background-media":"","overlay-type":"","overlay-color":"","overlay-opacity":"","overlay-gradient":""},"tablet":{"background-color":"","background-image":"","background-repeat":"repeat","background-position":"center center","background-size":"auto","background-attachment":"scroll","background-type":"","background-media":"","overlay-type":"","overlay-color":"","overlay-opacity":"","overlay-gradient":""},"mobile":{"background-color":"","background-image":"","background-repeat":"repeat","background-position":"center center","background-size":"auto","background-attachment":"scroll","background-type":"","background-media":"","overlay-type":"","overlay-color":"","overlay-opacity":"","overlay-gradient":""}},"ast-content-background-meta":{"desktop":{"background-color":"var(--ast-global-color-5)","background-image":"","background-repeat":"repeat","background-position":"center center","background-size":"auto","background-attachment":"scroll","background-type":"","background-media":"","overlay-type":"","overlay-color":"","overlay-opacity":"","overlay-gradient":""},"tablet":{"background-color":"var(--ast-global-color-5)","background-image":"","background-repeat":"repeat","background-position":"center center","background-size":"auto","background-attachment":"scroll","background-type":"","background-media":"","overlay-type":"","overlay-color":"","overlay-opacity":"","overlay-gradient":""},"mobile":{"background-color":"var(--ast-global-color-5)","background-image":"","background-repeat":"repeat","background-position":"center center","background-size":"auto","background-attachment":"scroll","background-type":"","background-media":"","overlay-type":"","overlay-color":"","overlay-opacity":"","overlay-gradient":""}},"footnotes":""},"class_list":["post-4355","page","type-page","status-publish","hentry"],"uagb_featured_image_src":{"full":false,"thumbnail":false,"medium":false,"medium_large":false,"large":false,"1536x1536":false,"2048x2048":false,"lifterlms_certificate_background":false,"llms_notification_icon":false},"uagb_author_info":{"display_name":"Manoel","author_link":"https:\/\/substancialsocial.com\/caminhosdaluz-test\/author\/manevilhenayahoo-com-br\/"},"uagb_comment_info":0,"uagb_excerpt":"Acessibilidade Nosso intuito \u00e9 criar um espa\u00e7o acess\u00edvel, acolhedor, livre de preconceitos e capacitismos, onde todos tenham a oportunidade de explorar, aprender e se expressar. Declara\u00e7\u00e3o de Acessibilidade O projeto Caminhos da Luz tem o compromisso de promover a acessibilidade, seguindo as leis n\u00b010.098\/2000 (Lei de acessibilidade) e n\u00b013.146\/2015 (Lei Brasileira de Inclus\u00e3o da Pessoa&hellip;","jetpack_sharing_enabled":true,"_links":{"self":[{"href":"https:\/\/substancialsocial.com\/caminhosdaluz-test\/wp-json\/wp\/v2\/pages\/4355","targetHints":{"allow":["GET"]}}],"collection":[{"href":"https:\/\/substancialsocial.com\/caminhosdaluz-test\/wp-json\/wp\/v2\/pages"}],"about":[{"href":"https:\/\/substancialsocial.com\/caminhosdaluz-test\/wp-json\/wp\/v2\/types\/page"}],"author":[{"embeddable":true,"href":"https:\/\/substancialsocial.com\/caminhosdaluz-test\/wp-json\/wp\/v2\/users\/1"}],"replies":[{"embeddable":true,"href":"https:\/\/substancialsocial.com\/caminhosdaluz-test\/wp-json\/wp\/v2\/comments?post=4355"}],"version-history":[{"count":25,"href":"https:\/\/substancialsocial.com\/caminhosdaluz-test\/wp-json\/wp\/v2\/pages\/4355\/revisions"}],"predecessor-version":[{"id":4700,"href":"https:\/\/substancialsocial.com\/caminhosdaluz-test\/wp-json\/wp\/v2\/pages\/4355\/revisions\/4700"}],"wp:attachment":[{"href":"https:\/\/substancialsocial.com\/caminhosdaluz-test\/wp-json\/wp\/v2\/media?parent=4355"}],"curies":[{"name":"wp","href":"https:\/\/api.w.org\/{rel}","templated":true}]}}