{"id":3,"date":"2024-12-03T21:28:44","date_gmt":"2024-12-03T21:28:44","guid":{"rendered":"https:\/\/substancialsocial.com\/caminhosdaluz-test\/?page_id=3"},"modified":"2025-03-27T04:55:37","modified_gmt":"2025-03-27T04:55:37","slug":"politica-de-privacidade","status":"publish","type":"page","link":"https:\/\/substancialsocial.com\/caminhosdaluz-test\/politica-de-privacidade\/","title":{"rendered":"Pol\u00edtica de Privacidade"},"content":{"rendered":"\t\t<div data-elementor-type=\"wp-page\" data-elementor-id=\"3\" class=\"elementor elementor-3\">\n\t\t\t\t<div class=\"elementor-element elementor-element-fbae6e5 e-flex e-con-boxed e-con e-parent\" data-id=\"fbae6e5\" data-element_type=\"container\" data-e-type=\"container\" data-settings=\"{&quot;background_background&quot;:&quot;classic&quot;}\">\n\t\t\t\t\t<div class=\"e-con-inner\">\n\t\t<div class=\"elementor-element elementor-element-c106d17 e-con-full e-flex e-con e-child\" data-id=\"c106d17\" data-element_type=\"container\" data-e-type=\"container\">\n\t\t\t\t<div class=\"elementor-element elementor-element-366e112 elementor-widget elementor-widget-heading\" data-id=\"366e112\" data-element_type=\"widget\" data-e-type=\"widget\" data-widget_type=\"heading.default\">\n\t\t\t\t<div class=\"elementor-widget-container\">\n\t\t\t\t\t<h2 class=\"elementor-heading-title elementor-size-default\">Pol\u00edtica de Privacidade<\/h2>\t\t\t\t<\/div>\n\t\t\t\t<\/div>\n\t\t\t\t<\/div>\n\t\t\t\t\t<\/div>\n\t\t\t\t<\/div>\n\t\t<div class=\"elementor-element elementor-element-c978e56 e-flex e-con-boxed e-con e-parent\" data-id=\"c978e56\" data-element_type=\"container\" data-e-type=\"container\" data-settings=\"{&quot;background_background&quot;:&quot;classic&quot;}\">\n\t\t\t\t\t<div class=\"e-con-inner\">\n\t\t<div class=\"elementor-element elementor-element-c14012f e-con-full e-flex e-con e-child\" data-id=\"c14012f\" data-element_type=\"container\" data-e-type=\"container\">\n\t\t\t\t<div class=\"elementor-element elementor-element-0753a11 elementor-widget elementor-widget-text-editor\" data-id=\"0753a11\" data-element_type=\"widget\" data-e-type=\"widget\" data-widget_type=\"text-editor.default\">\n\t\t\t\t<div class=\"elementor-widget-container\">\n\t\t\t\t\t\t\t\t\t<ol><li><strong>Introdu\u00e7\u00e3o<\/strong><br \/>No Projeto Caminhos da Luz, respeitamos sua privacidade e estamos comprometidos em proteger as informa\u00e7\u00f5es pessoais que voc\u00ea nos fornece. Esta Pol\u00edtica de Privacidade descreve como coletamos, usamos, armazenamos e protegemos seus dados.<br \/><br \/><\/li><li><strong>Informa\u00e7\u00f5es que Coletamos<\/strong><br \/>2.1. Informa\u00e7\u00f5es fornecidas por voc\u00ea:<ul><li>Nome completo, e-mail, telefone, e quaisquer dados fornecidos via formul\u00e1rios de contato ou inscri\u00e7\u00e3o no curso.<\/li><\/ul><p>2.2. Informa\u00e7\u00f5es coletadas automaticamente:<\/p><ul><li>Dados de navega\u00e7\u00e3o, como endere\u00e7o IP, tipo de navegador, tempo de visita e p\u00e1ginas acessadas, atrav\u00e9s de ferramentas como Google Analytics.<br \/><br \/><\/li><\/ul><\/li><li><strong>Como Usamos Suas Informa\u00e7\u00f5es<\/strong><br \/>As informa\u00e7\u00f5es coletadas s\u00e3o usadas para:<ul><li>Responder a d\u00favidas e solicita\u00e7\u00f5es enviadas por voc\u00ea.<\/li><li>Enviar comunica\u00e7\u00f5es relacionadas ao curso, como confirma\u00e7\u00f5es de inscri\u00e7\u00e3o ou atualiza\u00e7\u00f5es.<\/li><li>Melhorar nosso site, com base no comportamento de navega\u00e7\u00e3o dos usu\u00e1rios.<br \/><br \/><\/li><\/ul><\/li><li><strong>Compartilhamento de Dados<\/strong><br \/>N\u00e3o compartilhamos suas informa\u00e7\u00f5es com terceiros, exceto:<ul><li>Quando exigido por lei ou regulamento.<\/li><li>Com provedores de servi\u00e7os necess\u00e1rios para a opera\u00e7\u00e3o do site, como ferramentas de envio de e-mail.<\/li><\/ul><p><span style=\"font-weight: 400;\"><br \/>Todos os dados pessoais fornecidos \u00e0 Caminhos da Luz para a inscri\u00e7\u00e3o ser\u00e3o tratados para atender \u00e0 finalidade espec\u00edfica de organiza\u00e7\u00e3o das inscri\u00e7\u00f5es e posterior emiss\u00e3o dos certificados, com base nos princ\u00edpios e disposi\u00e7\u00f5es da Lei Geral de Prote\u00e7\u00e3o de Dados Pessoais &#8211; LGPD (Lei Federal N\u00ba 13.709, de 14 de agosto de 2018).<br \/><br \/>Al\u00e9m disso, os dados ser\u00e3o utilizados para a elabora\u00e7\u00e3o de relat\u00f3rios e presta\u00e7\u00e3o de contas relativos ao edital 09\/2023 da SPCINE, conforme as exig\u00eancias e obriga\u00e7\u00f5es legais e contratuais associadas ao processo.<br \/><br \/><\/span><\/p><\/li><li><strong>Seguran\u00e7a de Dados<\/strong><br \/>Implementamos medidas de seguran\u00e7a para proteger suas informa\u00e7\u00f5es contra acessos n\u00e3o autorizados, perdas ou altera\u00e7\u00f5es.<br \/><br \/><\/li><li><strong>Seus Direitos<\/strong><br \/>Voc\u00ea tem direito de:<ul><li>Solicitar a exclus\u00e3o ou atualiza\u00e7\u00e3o de suas informa\u00e7\u00f5es pessoais.<\/li><li>Revogar o consentimento para o uso de dados a qualquer momento.<br \/><br \/><\/li><\/ul><\/li><li><strong>Contato<\/strong><br \/>Para qualquer d\u00favida ou solicita\u00e7\u00e3o sobre esta pol\u00edtica, entre em contato:<br \/>E-mail: <strong>projetocaminhosdaluz@gmail.com<\/strong><\/li><\/ol>\t\t\t\t\t\t\t\t<\/div>\n\t\t\t\t<\/div>\n\t\t\t\t<\/div>\n\t\t<div class=\"elementor-element elementor-element-cebd0a7 e-con-full e-flex e-con e-child\" data-id=\"cebd0a7\" data-element_type=\"container\" data-e-type=\"container\">\n\t\t\t\t<\/div>\n\t\t\t\t\t<\/div>\n\t\t\t\t<\/div>\n\t\t\t\t<\/div>\n\t\t","protected":false},"excerpt":{"rendered":"<p>Pol\u00edtica de Privacidade Introdu\u00e7\u00e3oNo Projeto Caminhos da Luz, respeitamos sua privacidade e estamos comprometidos em proteger as informa\u00e7\u00f5es pessoais que voc\u00ea nos fornece. Esta Pol\u00edtica de Privacidade descreve como coletamos, usamos, armazenamos e protegemos seus dados. Informa\u00e7\u00f5es que Coletamos2.1. Informa\u00e7\u00f5es fornecidas por voc\u00ea: Nome completo, e-mail, telefone, e quaisquer dados fornecidos via formul\u00e1rios de contato [&hellip;]<\/p>\n","protected":false},"author":1,"featured_media":0,"parent":0,"menu_order":0,"comment_status":"closed","ping_status":"closed","template":"elementor_theme","meta":{"_uag_custom_page_level_css":"","site-sidebar-layout":"default","site-content-layout":"","ast-site-content-layout":"normal-width-container","site-content-style":"default","site-sidebar-style":"default","ast-global-header-display":"","ast-banner-title-visibility":"","ast-main-header-display":"","ast-hfb-above-header-display":"","ast-hfb-below-header-display":"","ast-hfb-mobile-header-display":"","site-post-title":"","ast-breadcrumbs-content":"","ast-featured-img":"","footer-sml-layout":"","ast-disable-related-posts":"","theme-transparent-header-meta":"","adv-header-id-meta":"","stick-header-meta":"","header-above-stick-meta":"","header-main-stick-meta":"","header-below-stick-meta":"","astra-migrate-meta-layouts":"set","ast-page-background-enabled":"default","ast-page-background-meta":{"desktop":{"background-color":"","background-image":"","background-repeat":"repeat","background-position":"center center","background-size":"auto","background-attachment":"scroll","background-type":"","background-media":"","overlay-type":"","overlay-color":"","overlay-opacity":"","overlay-gradient":""},"tablet":{"background-color":"","background-image":"","background-repeat":"repeat","background-position":"center center","background-size":"auto","background-attachment":"scroll","background-type":"","background-media":"","overlay-type":"","overlay-color":"","overlay-opacity":"","overlay-gradient":""},"mobile":{"background-color":"","background-image":"","background-repeat":"repeat","background-position":"center center","background-size":"auto","background-attachment":"scroll","background-type":"","background-media":"","overlay-type":"","overlay-color":"","overlay-opacity":"","overlay-gradient":""}},"ast-content-background-meta":{"desktop":{"background-color":"var(--ast-global-color-5)","background-image":"","background-repeat":"repeat","background-position":"center center","background-size":"auto","background-attachment":"scroll","background-type":"","background-media":"","overlay-type":"","overlay-color":"","overlay-opacity":"","overlay-gradient":""},"tablet":{"background-color":"var(--ast-global-color-5)","background-image":"","background-repeat":"repeat","background-position":"center center","background-size":"auto","background-attachment":"scroll","background-type":"","background-media":"","overlay-type":"","overlay-color":"","overlay-opacity":"","overlay-gradient":""},"mobile":{"background-color":"var(--ast-global-color-5)","background-image":"","background-repeat":"repeat","background-position":"center center","background-size":"auto","background-attachment":"scroll","background-type":"","background-media":"","overlay-type":"","overlay-color":"","overlay-opacity":"","overlay-gradient":""}},"footnotes":""},"class_list":["post-3","page","type-page","status-publish","hentry"],"uagb_featured_image_src":{"full":false,"thumbnail":false,"medium":false,"medium_large":false,"large":false,"1536x1536":false,"2048x2048":false,"lifterlms_certificate_background":false,"llms_notification_icon":false},"uagb_author_info":{"display_name":"Manoel","author_link":"https:\/\/substancialsocial.com\/caminhosdaluz-test\/author\/manevilhenayahoo-com-br\/"},"uagb_comment_info":0,"uagb_excerpt":"Pol\u00edtica de Privacidade Introdu\u00e7\u00e3oNo Projeto Caminhos da Luz, respeitamos sua privacidade e estamos comprometidos em proteger as informa\u00e7\u00f5es pessoais que voc\u00ea nos fornece. Esta Pol\u00edtica de Privacidade descreve como coletamos, usamos, armazenamos e protegemos seus dados. Informa\u00e7\u00f5es que Coletamos2.1. Informa\u00e7\u00f5es fornecidas por voc\u00ea: Nome completo, e-mail, telefone, e quaisquer dados fornecidos via formul\u00e1rios de contato&hellip;","jetpack_sharing_enabled":true,"_links":{"self":[{"href":"https:\/\/substancialsocial.com\/caminhosdaluz-test\/wp-json\/wp\/v2\/pages\/3","targetHints":{"allow":["GET"]}}],"collection":[{"href":"https:\/\/substancialsocial.com\/caminhosdaluz-test\/wp-json\/wp\/v2\/pages"}],"about":[{"href":"https:\/\/substancialsocial.com\/caminhosdaluz-test\/wp-json\/wp\/v2\/types\/page"}],"author":[{"embeddable":true,"href":"https:\/\/substancialsocial.com\/caminhosdaluz-test\/wp-json\/wp\/v2\/users\/1"}],"replies":[{"embeddable":true,"href":"https:\/\/substancialsocial.com\/caminhosdaluz-test\/wp-json\/wp\/v2\/comments?post=3"}],"version-history":[{"count":5,"href":"https:\/\/substancialsocial.com\/caminhosdaluz-test\/wp-json\/wp\/v2\/pages\/3\/revisions"}],"predecessor-version":[{"id":4048,"href":"https:\/\/substancialsocial.com\/caminhosdaluz-test\/wp-json\/wp\/v2\/pages\/3\/revisions\/4048"}],"wp:attachment":[{"href":"https:\/\/substancialsocial.com\/caminhosdaluz-test\/wp-json\/wp\/v2\/media?parent=3"}],"curies":[{"name":"wp","href":"https:\/\/api.w.org\/{rel}","templated":true}]}}