{"id":2408,"date":"2024-12-19T04:31:12","date_gmt":"2024-12-19T04:31:12","guid":{"rendered":"https:\/\/substancialsocial.com\/caminhosdaluz-test\/?page_id=2408"},"modified":"2025-04-01T20:10:05","modified_gmt":"2025-04-01T20:10:05","slug":"termos-de-uso","status":"publish","type":"page","link":"https:\/\/substancialsocial.com\/caminhosdaluz-test\/termos-de-uso\/","title":{"rendered":"Termos de Uso"},"content":{"rendered":"\t\t<div data-elementor-type=\"wp-page\" data-elementor-id=\"2408\" class=\"elementor elementor-2408\">\n\t\t\t\t<div class=\"elementor-element elementor-element-fbae6e5 e-flex e-con-boxed e-con e-parent\" data-id=\"fbae6e5\" data-element_type=\"container\" data-e-type=\"container\" data-settings=\"{&quot;background_background&quot;:&quot;classic&quot;}\">\n\t\t\t\t\t<div class=\"e-con-inner\">\n\t\t<div class=\"elementor-element elementor-element-c106d17 e-con-full e-flex e-con e-child\" data-id=\"c106d17\" data-element_type=\"container\" data-e-type=\"container\">\n\t\t\t\t<div class=\"elementor-element elementor-element-366e112 elementor-widget elementor-widget-heading\" data-id=\"366e112\" data-element_type=\"widget\" data-e-type=\"widget\" data-widget_type=\"heading.default\">\n\t\t\t\t<div class=\"elementor-widget-container\">\n\t\t\t\t\t<h2 class=\"elementor-heading-title elementor-size-default\">Termos de Uso <h3>Curso Caminhos da Luz<\/h3><\/h2>\t\t\t\t<\/div>\n\t\t\t\t<\/div>\n\t\t\t\t<\/div>\n\t\t\t\t\t<\/div>\n\t\t\t\t<\/div>\n\t\t<div class=\"elementor-element elementor-element-c978e56 e-flex e-con-boxed e-con e-parent\" data-id=\"c978e56\" data-element_type=\"container\" data-e-type=\"container\" data-settings=\"{&quot;background_background&quot;:&quot;classic&quot;}\">\n\t\t\t\t\t<div class=\"e-con-inner\">\n\t\t<div class=\"elementor-element elementor-element-c14012f e-con-full e-flex e-con e-child\" data-id=\"c14012f\" data-element_type=\"container\" data-e-type=\"container\">\n\t\t\t\t<div class=\"elementor-element elementor-element-0753a11 elementor-widget elementor-widget-text-editor\" data-id=\"0753a11\" data-element_type=\"widget\" data-e-type=\"widget\" data-widget_type=\"text-editor.default\">\n\t\t\t\t<div class=\"elementor-widget-container\">\n\t\t\t\t\t\t\t\t\t<ol><li><strong>Aceita\u00e7\u00e3o dos Termos<\/strong><br \/>Ao acessar o site <a href=\"http:\/\/www.projetocaminhosdaluz.com.br\">www.projetocaminhosdaluz.com.br<\/a>, voc\u00ea concorda em cumprir estes Termos de Uso, todas as leis e regulamentos aplic\u00e1veis.<br \/><br \/><\/li><li><strong>Uso Permitido do Site<\/strong><p>2.1. Voc\u00ea pode:<\/p><ul><li>Navegar pelo conte\u00fado do site.<\/li><li>Inscrever-se no curso &#8220;Caminhos da Luz&#8221; de Fotografia, Anima\u00e7\u00e3o e Light-Painting.<\/li><\/ul><p>2.2. Voc\u00ea n\u00e3o pode:<\/p><ul><li>Utilizar o site para fins ilegais ou prejudiciais.<\/li><li>Copiar, reproduzir ou distribuir conte\u00fado do site sem autoriza\u00e7\u00e3o.<br \/><br \/><\/li><\/ul><\/li><li><strong>Propriedade Intelectual<\/strong><br \/>Todo o conte\u00fado do site, incluindo textos, imagens, v\u00eddeos e logotipos, \u00e9 de propriedade do Projeto Caminhos da Luz e protegido por leis de direitos autorais.<br \/><br \/><\/li><li><strong>Isen\u00e7\u00e3o de Garantias<\/strong><br \/>O site \u00e9 fornecido &#8220;como est\u00e1&#8221;. N\u00e3o garantimos que:<ul><li>Estar\u00e1 livre de erros ou interrup\u00e7\u00f5es.<\/li><li>As informa\u00e7\u00f5es fornecidas sejam sempre atualizadas ou completas.<br \/><br \/><\/li><\/ul><\/li><li><strong>Limita\u00e7\u00e3o de Responsabilidade<\/strong><br \/>N\u00e3o nos responsabilizamos por:<ul><li>Danos resultantes do uso ou incapacidade de uso do site.<\/li><li>Conte\u00fado de terceiros acessado atrav\u00e9s de links no site.<br \/><br \/><\/li><\/ul><\/li><li><strong>Altera\u00e7\u00f5es nos Termos<\/strong><br \/>Reservamo-nos o direito de atualizar os Termos de Uso a qualquer momento. Altera\u00e7\u00f5es ser\u00e3o publicadas no site e entrar\u00e3o em vigor imediatamente.<br \/><br \/><\/li><li><strong>Contato<\/strong><br \/>E-mail: <a href=\"mailto:projetocaminhosdaluz@gmail.com\">projetocaminhosdaluz@gmail.com<\/a><\/li><\/ol>\t\t\t\t\t\t\t\t<\/div>\n\t\t\t\t<\/div>\n\t\t\t\t<\/div>\n\t\t<div class=\"elementor-element elementor-element-cebd0a7 e-con-full e-flex e-con e-child\" data-id=\"cebd0a7\" data-element_type=\"container\" data-e-type=\"container\">\n\t\t\t\t<\/div>\n\t\t\t\t\t<\/div>\n\t\t\t\t<\/div>\n\t\t\t\t<\/div>\n\t\t","protected":false},"excerpt":{"rendered":"<p>Termos de Uso Curso Caminhos da Luz Aceita\u00e7\u00e3o dos TermosAo acessar o site www.projetocaminhosdaluz.com.br, voc\u00ea concorda em cumprir estes Termos de Uso, todas as leis e regulamentos aplic\u00e1veis. Uso Permitido do Site 2.1. Voc\u00ea pode: Navegar pelo conte\u00fado do site. Inscrever-se no curso &#8220;Caminhos da Luz&#8221; de Fotografia, Anima\u00e7\u00e3o e Light-Painting. 2.2. Voc\u00ea n\u00e3o pode: [&hellip;]<\/p>\n","protected":false},"author":1,"featured_media":0,"parent":0,"menu_order":0,"comment_status":"closed","ping_status":"closed","template":"elementor_theme","meta":{"_uag_custom_page_level_css":"","site-sidebar-layout":"default","site-content-layout":"","ast-site-content-layout":"normal-width-container","site-content-style":"default","site-sidebar-style":"default","ast-global-header-display":"","ast-banner-title-visibility":"","ast-main-header-display":"","ast-hfb-above-header-display":"","ast-hfb-below-header-display":"","ast-hfb-mobile-header-display":"","site-post-title":"","ast-breadcrumbs-content":"","ast-featured-img":"","footer-sml-layout":"","ast-disable-related-posts":"","theme-transparent-header-meta":"","adv-header-id-meta":"","stick-header-meta":"","header-above-stick-meta":"","header-main-stick-meta":"","header-below-stick-meta":"","astra-migrate-meta-layouts":"set","ast-page-background-enabled":"default","ast-page-background-meta":{"desktop":{"background-color":"","background-image":"","background-repeat":"repeat","background-position":"center center","background-size":"auto","background-attachment":"scroll","background-type":"","background-media":"","overlay-type":"","overlay-color":"","overlay-opacity":"","overlay-gradient":""},"tablet":{"background-color":"","background-image":"","background-repeat":"repeat","background-position":"center center","background-size":"auto","background-attachment":"scroll","background-type":"","background-media":"","overlay-type":"","overlay-color":"","overlay-opacity":"","overlay-gradient":""},"mobile":{"background-color":"","background-image":"","background-repeat":"repeat","background-position":"center center","background-size":"auto","background-attachment":"scroll","background-type":"","background-media":"","overlay-type":"","overlay-color":"","overlay-opacity":"","overlay-gradient":""}},"ast-content-background-meta":{"desktop":{"background-color":"var(--ast-global-color-5)","background-image":"","background-repeat":"repeat","background-position":"center center","background-size":"auto","background-attachment":"scroll","background-type":"","background-media":"","overlay-type":"","overlay-color":"","overlay-opacity":"","overlay-gradient":""},"tablet":{"background-color":"var(--ast-global-color-5)","background-image":"","background-repeat":"repeat","background-position":"center center","background-size":"auto","background-attachment":"scroll","background-type":"","background-media":"","overlay-type":"","overlay-color":"","overlay-opacity":"","overlay-gradient":""},"mobile":{"background-color":"var(--ast-global-color-5)","background-image":"","background-repeat":"repeat","background-position":"center center","background-size":"auto","background-attachment":"scroll","background-type":"","background-media":"","overlay-type":"","overlay-color":"","overlay-opacity":"","overlay-gradient":""}},"footnotes":""},"class_list":["post-2408","page","type-page","status-publish","hentry"],"uagb_featured_image_src":{"full":false,"thumbnail":false,"medium":false,"medium_large":false,"large":false,"1536x1536":false,"2048x2048":false,"lifterlms_certificate_background":false,"llms_notification_icon":false},"uagb_author_info":{"display_name":"Manoel","author_link":"https:\/\/substancialsocial.com\/caminhosdaluz-test\/author\/manevilhenayahoo-com-br\/"},"uagb_comment_info":0,"uagb_excerpt":"Termos de Uso Curso Caminhos da Luz Aceita\u00e7\u00e3o dos TermosAo acessar o site www.projetocaminhosdaluz.com.br, voc\u00ea concorda em cumprir estes Termos de Uso, todas as leis e regulamentos aplic\u00e1veis. Uso Permitido do Site 2.1. Voc\u00ea pode: Navegar pelo conte\u00fado do site. Inscrever-se no curso &#8220;Caminhos da Luz&#8221; de Fotografia, Anima\u00e7\u00e3o e Light-Painting. 2.2. Voc\u00ea n\u00e3o pode:&hellip;","jetpack_sharing_enabled":true,"_links":{"self":[{"href":"https:\/\/substancialsocial.com\/caminhosdaluz-test\/wp-json\/wp\/v2\/pages\/2408","targetHints":{"allow":["GET"]}}],"collection":[{"href":"https:\/\/substancialsocial.com\/caminhosdaluz-test\/wp-json\/wp\/v2\/pages"}],"about":[{"href":"https:\/\/substancialsocial.com\/caminhosdaluz-test\/wp-json\/wp\/v2\/types\/page"}],"author":[{"embeddable":true,"href":"https:\/\/substancialsocial.com\/caminhosdaluz-test\/wp-json\/wp\/v2\/users\/1"}],"replies":[{"embeddable":true,"href":"https:\/\/substancialsocial.com\/caminhosdaluz-test\/wp-json\/wp\/v2\/comments?post=2408"}],"version-history":[{"count":5,"href":"https:\/\/substancialsocial.com\/caminhosdaluz-test\/wp-json\/wp\/v2\/pages\/2408\/revisions"}],"predecessor-version":[{"id":4314,"href":"https:\/\/substancialsocial.com\/caminhosdaluz-test\/wp-json\/wp\/v2\/pages\/2408\/revisions\/4314"}],"wp:attachment":[{"href":"https:\/\/substancialsocial.com\/caminhosdaluz-test\/wp-json\/wp\/v2\/media?parent=2408"}],"curies":[{"name":"wp","href":"https:\/\/api.w.org\/{rel}","templated":true}]}}